{"id":10,"date":"2023-07-11T17:39:25","date_gmt":"2023-07-11T15:39:25","guid":{"rendered":"https:\/\/www.hotelcampus.sk\/?page_id=10"},"modified":"2023-08-14T14:58:27","modified_gmt":"2023-08-14T12:58:27","slug":"hotel-campus","status":"publish","type":"page","link":"https:\/\/www.hotelcampus.sk\/","title":{"rendered":"Hotel Campus"},"content":{"rendered":"<div class=\"brz-root__container brz-reset-all\">\n<section data-uid=\"rzscsmmkeutotbriqgtjcsjlxigmzrgolkzy\" id=\"rzscsmmkeutotbriqgtjcsjlxigmzrgolkzy\" name=\"rzscsmmkeutotbriqgtjcsjlxigmzrgolkzy\" class=\"brz-section brz-css-rtdrb brz-css-gmhur\">\n<div class=\"brz-section__content brz-section--fullWidth brz-css-hpxux brz-css-qjkpu\" data-custom-id=\"vwbgesdijnqisbshhssqorczuyezgwcaeyxy\">\n<div class=\"brz-bg overflow-hidden !z-auto absolute top-0 left-0 w-full h-full\">\n<div class=\"brz-bg-image absolute left-0 w-full bg-no-repeat top-0 h-full bg-cover\"><\/div>\n<\/div>\n<div class=\"brz-container brz-css-vfgay brz-css-ggdbm\"><\/div>\n<\/div>\n<\/section>\n<\/div>\n<p>    <!-- version:1692017907 --><\/p>\n","protected":false},"excerpt":{"rendered":"","protected":false},"author":1,"featured_media":232,"parent":0,"menu_order":0,"comment_status":"closed","ping_status":"closed","template":"brizy-blank-template.php","meta":[],"blocksy_meta":"","yoast_head":"<!-- This site is optimized with the Yoast SEO plugin v20.13 - https:\/\/yoast.com\/wordpress\/plugins\/seo\/ -->\n<title>Hotel Campus - Pros\u00edme neru\u0161i\u0165<\/title>\n<meta name=\"description\" content=\"Revitaliz\u00e1cia brownfieldu v pr\u00edprave.\" \/>\n<meta name=\"robots\" content=\"index, follow, max-snippet:-1, max-image-preview:large, max-video-preview:-1\" \/>\n<link rel=\"canonical\" href=\"https:\/\/www.hotelcampus.sk\/\" \/>\n<meta property=\"og:locale\" content=\"en_GB\" \/>\n<meta property=\"og:type\" content=\"article\" \/>\n<meta property=\"og:title\" content=\"Hotel Campus - Pros\u00edme neru\u0161i\u0165\" \/>\n<meta property=\"og:description\" content=\"Revitaliz\u00e1cia brownfieldu v pr\u00edprave.\" \/>\n<meta property=\"og:url\" content=\"https:\/\/www.hotelcampus.sk\/\" \/>\n<meta property=\"og:site_name\" content=\"Hotel Campus\" \/>\n<meta property=\"article:modified_time\" content=\"2023-08-14T12:58:27+00:00\" \/>\n<meta name=\"twitter:card\" content=\"summary_large_image\" \/>\n<meta name=\"twitter:image\" content=\"https:\/\/www.hotelcampus.sk\/wp-content\/uploads\/2023\/08\/Hotel-Campfggus-Prosim-nerusit-1920x1080-SVG.svg\" \/>\n<script type=\"application\/ld+json\" class=\"yoast-schema-graph\">{\"@context\":\"https:\/\/schema.org\",\"@graph\":[{\"@type\":\"WebPage\",\"@id\":\"https:\/\/www.hotelcampus.sk\/\",\"url\":\"https:\/\/www.hotelcampus.sk\/\",\"name\":\"Hotel Campus - Pros\u00edme neru\u0161i\u0165\",\"isPartOf\":{\"@id\":\"https:\/\/www.hotelcampus.sk\/#website\"},\"datePublished\":\"2023-07-11T15:39:25+00:00\",\"dateModified\":\"2023-08-14T12:58:27+00:00\",\"description\":\"Revitaliz\u00e1cia brownfieldu v pr\u00edprave.\",\"breadcrumb\":{\"@id\":\"https:\/\/www.hotelcampus.sk\/#breadcrumb\"},\"inLanguage\":\"en-GB\",\"potentialAction\":[{\"@type\":\"ReadAction\",\"target\":[\"https:\/\/www.hotelcampus.sk\/\"]}]},{\"@type\":\"BreadcrumbList\",\"@id\":\"https:\/\/www.hotelcampus.sk\/#breadcrumb\",\"itemListElement\":[{\"@type\":\"ListItem\",\"position\":1,\"name\":\"Home\",\"item\":\"https:\/\/www.hotelcampus.sk\/\"},{\"@type\":\"ListItem\",\"position\":2,\"name\":\"Hotel Campus\"}]},{\"@type\":\"WebSite\",\"@id\":\"https:\/\/www.hotelcampus.sk\/#website\",\"url\":\"https:\/\/www.hotelcampus.sk\/\",\"name\":\"Hotel Campus\",\"description\":\"Pros\u00edme neru\u0161i\u0165\",\"potentialAction\":[{\"@type\":\"SearchAction\",\"target\":{\"@type\":\"EntryPoint\",\"urlTemplate\":\"https:\/\/www.hotelcampus.sk\/?s={search_term_string}\"},\"query-input\":\"required name=search_term_string\"}],\"inLanguage\":\"en-GB\"}]}<\/script>\n<!-- \/ Yoast SEO plugin. -->","yoast_head_json":{"title":"Hotel Campus - Pros\u00edme neru\u0161i\u0165","description":"Revitaliz\u00e1cia brownfieldu v pr\u00edprave.","robots":{"index":"index","follow":"follow","max-snippet":"max-snippet:-1","max-image-preview":"max-image-preview:large","max-video-preview":"max-video-preview:-1"},"canonical":"https:\/\/www.hotelcampus.sk\/","og_locale":"en_GB","og_type":"article","og_title":"Hotel Campus - Pros\u00edme neru\u0161i\u0165","og_description":"Revitaliz\u00e1cia brownfieldu v pr\u00edprave.","og_url":"https:\/\/www.hotelcampus.sk\/","og_site_name":"Hotel Campus","article_modified_time":"2023-08-14T12:58:27+00:00","twitter_card":"summary_large_image","twitter_image":"https:\/\/www.hotelcampus.sk\/wp-content\/uploads\/2023\/08\/Hotel-Campfggus-Prosim-nerusit-1920x1080-SVG.svg","schema":{"@context":"https:\/\/schema.org","@graph":[{"@type":"WebPage","@id":"https:\/\/www.hotelcampus.sk\/","url":"https:\/\/www.hotelcampus.sk\/","name":"Hotel Campus - Pros\u00edme neru\u0161i\u0165","isPartOf":{"@id":"https:\/\/www.hotelcampus.sk\/#website"},"datePublished":"2023-07-11T15:39:25+00:00","dateModified":"2023-08-14T12:58:27+00:00","description":"Revitaliz\u00e1cia brownfieldu v pr\u00edprave.","breadcrumb":{"@id":"https:\/\/www.hotelcampus.sk\/#breadcrumb"},"inLanguage":"en-GB","potentialAction":[{"@type":"ReadAction","target":["https:\/\/www.hotelcampus.sk\/"]}]},{"@type":"BreadcrumbList","@id":"https:\/\/www.hotelcampus.sk\/#breadcrumb","itemListElement":[{"@type":"ListItem","position":1,"name":"Home","item":"https:\/\/www.hotelcampus.sk\/"},{"@type":"ListItem","position":2,"name":"Hotel Campus"}]},{"@type":"WebSite","@id":"https:\/\/www.hotelcampus.sk\/#website","url":"https:\/\/www.hotelcampus.sk\/","name":"Hotel Campus","description":"Pros\u00edme neru\u0161i\u0165","potentialAction":[{"@type":"SearchAction","target":{"@type":"EntryPoint","urlTemplate":"https:\/\/www.hotelcampus.sk\/?s={search_term_string}"},"query-input":"required name=search_term_string"}],"inLanguage":"en-GB"}]}},"_links":{"self":[{"href":"https:\/\/www.hotelcampus.sk\/index.php?rest_route=\/wp\/v2\/pages\/10"}],"collection":[{"href":"https:\/\/www.hotelcampus.sk\/index.php?rest_route=\/wp\/v2\/pages"}],"about":[{"href":"https:\/\/www.hotelcampus.sk\/index.php?rest_route=\/wp\/v2\/types\/page"}],"author":[{"embeddable":true,"href":"https:\/\/www.hotelcampus.sk\/index.php?rest_route=\/wp\/v2\/users\/1"}],"replies":[{"embeddable":true,"href":"https:\/\/www.hotelcampus.sk\/index.php?rest_route=%2Fwp%2Fv2%2Fcomments&post=10"}],"version-history":[{"count":6,"href":"https:\/\/www.hotelcampus.sk\/index.php?rest_route=\/wp\/v2\/pages\/10\/revisions"}],"predecessor-version":[{"id":397,"href":"https:\/\/www.hotelcampus.sk\/index.php?rest_route=\/wp\/v2\/pages\/10\/revisions\/397"}],"wp:featuredmedia":[{"embeddable":true,"href":"https:\/\/www.hotelcampus.sk\/index.php?rest_route=\/wp\/v2\/media\/232"}],"wp:attachment":[{"href":"https:\/\/www.hotelcampus.sk\/index.php?rest_route=%2Fwp%2Fv2%2Fmedia&parent=10"}],"curies":[{"name":"wp","href":"https:\/\/api.w.org\/{rel}","templated":true}]}}